{"id":2747,"date":"2022-09-22T13:56:18","date_gmt":"2022-09-22T11:56:18","guid":{"rendered":"https:\/\/artseco.de\/?post_type=product&#038;p=2747"},"modified":"2026-03-31T13:27:26","modified_gmt":"2026-03-31T11:27:26","slug":"spezialseide-75x100cm","status":"publish","type":"product","link":"https:\/\/artseco.de\/en\/material-shop\/berlin-en\/paper\/spezialseide-75x100cm\/","title":{"rendered":"Spezialseide 75x100cm s\u00e4urefrei"},"content":{"rendered":"","protected":false},"excerpt":{"rendered":"<p>Spezialseiden Papier, wei\u00df, 75 x 100cm, einseitig glatt, technisch chlor- und s\u00e4urefrei, ph neutral<\/p>\n<p>1 Kg\/ ca. 55Blatt = 7,39\u20ac<\/p>\n<p>10 Kg = 71,00\u20ac<\/p>\n<h4><\/h4>\n<p>&nbsp;<\/p>\n<p>&nbsp;<\/p>\n","protected":false},"featured_media":5714,"template":"","meta":{"_acf_changed":false,"kia_subtitle":""},"product_brand":[],"product_cat":[94],"product_tag":[],"class_list":{"0":"post-2747","1":"product","2":"type-product","3":"status-publish","4":"has-post-thumbnail","6":"product_cat-papier","7":"pa_seidenpapier-10kg-7100e","8":"pa_seidenpapier-1kg-739e","10":"first","11":"instock","12":"taxable","13":"shipping-taxable","14":"purchasable","15":"product-type-variable"},"acf":[],"yoast_head":"<!-- This site is optimized with the Yoast SEO plugin v27.2 - https:\/\/yoast.com\/product\/yoast-seo-wordpress\/ -->\n<title>Spezialseide 75x100cm s\u00e4urefrei - ARTSECO GmbH<\/title>\n<meta name=\"robots\" content=\"index, follow, max-snippet:-1, max-image-preview:large, max-video-preview:-1\" \/>\n<link rel=\"canonical\" href=\"https:\/\/artseco.de\/en\/material-shop\/berlin-en\/paper\/spezialseide-75x100cm\/\" \/>\n<meta property=\"og:locale\" content=\"en_US\" \/>\n<meta property=\"og:type\" content=\"article\" \/>\n<meta property=\"og:title\" content=\"Spezialseide 75x100cm s\u00e4urefrei - ARTSECO GmbH\" \/>\n<meta property=\"og:description\" content=\"Spezialseiden Papier, wei\u00df, 75 x 100cm, einseitig glatt, technisch chlor- und s\u00e4urefrei, ph neutral  1 Kg\/ ca. 55Blatt = 7,39\u20ac  10 Kg = 71,00\u20ac  &nbsp;  &nbsp;\" \/>\n<meta property=\"og:url\" content=\"https:\/\/artseco.de\/en\/material-shop\/berlin-en\/paper\/spezialseide-75x100cm\/\" \/>\n<meta property=\"og:site_name\" content=\"ARTSECO GmbH\" \/>\n<meta property=\"article:modified_time\" content=\"2026-03-31T11:27:26+00:00\" \/>\n<meta property=\"og:image\" content=\"https:\/\/artseco.de\/wp-content\/uploads\/2023\/12\/seidenpapier_131543.jpg\" \/>\n\t<meta property=\"og:image:width\" content=\"1800\" \/>\n\t<meta property=\"og:image:height\" content=\"2163\" \/>\n\t<meta property=\"og:image:type\" content=\"image\/jpeg\" \/>\n<meta name=\"twitter:card\" content=\"summary_large_image\" \/>\n<meta name=\"twitter:label1\" content=\"Est. reading time\" \/>\n\t<meta name=\"twitter:data1\" content=\"1 minute\" \/>\n<script type=\"application\/ld+json\" class=\"yoast-schema-graph\">{\"@context\":\"https:\/\/schema.org\",\"@graph\":[{\"@type\":\"WebPage\",\"@id\":\"https:\/\/artseco.de\/en\/material-shop\/berlin-en\/paper\/spezialseide-75x100cm\/\",\"url\":\"https:\/\/artseco.de\/en\/material-shop\/berlin-en\/paper\/spezialseide-75x100cm\/\",\"name\":\"Spezialseide 75x100cm s\u00e4urefrei - ARTSECO GmbH\",\"isPartOf\":{\"@id\":\"https:\/\/artseco.de\/en\/#website\"},\"primaryImageOfPage\":{\"@id\":\"https:\/\/artseco.de\/en\/material-shop\/berlin-en\/paper\/spezialseide-75x100cm\/#primaryimage\"},\"image\":{\"@id\":\"https:\/\/artseco.de\/en\/material-shop\/berlin-en\/paper\/spezialseide-75x100cm\/#primaryimage\"},\"thumbnailUrl\":\"https:\/\/artseco.de\/wp-content\/uploads\/2023\/12\/seidenpapier_131543.jpg\",\"datePublished\":\"2022-09-22T11:56:18+00:00\",\"dateModified\":\"2026-03-31T11:27:26+00:00\",\"breadcrumb\":{\"@id\":\"https:\/\/artseco.de\/en\/material-shop\/berlin-en\/paper\/spezialseide-75x100cm\/#breadcrumb\"},\"inLanguage\":\"en-US\",\"potentialAction\":[{\"@type\":\"ReadAction\",\"target\":[\"https:\/\/artseco.de\/en\/material-shop\/berlin-en\/paper\/spezialseide-75x100cm\/\"]}]},{\"@type\":\"ImageObject\",\"inLanguage\":\"en-US\",\"@id\":\"https:\/\/artseco.de\/en\/material-shop\/berlin-en\/paper\/spezialseide-75x100cm\/#primaryimage\",\"url\":\"https:\/\/artseco.de\/wp-content\/uploads\/2023\/12\/seidenpapier_131543.jpg\",\"contentUrl\":\"https:\/\/artseco.de\/wp-content\/uploads\/2023\/12\/seidenpapier_131543.jpg\",\"width\":1800,\"height\":2163},{\"@type\":\"BreadcrumbList\",\"@id\":\"https:\/\/artseco.de\/en\/material-shop\/berlin-en\/paper\/spezialseide-75x100cm\/#breadcrumb\",\"itemListElement\":[{\"@type\":\"ListItem\",\"position\":1,\"name\":\"Home\",\"item\":\"https:\/\/artseco.de\/en\/\"},{\"@type\":\"ListItem\",\"position\":2,\"name\":\"Shop\",\"item\":\"https:\/\/artseco.de\/en\/shop\/\"},{\"@type\":\"ListItem\",\"position\":3,\"name\":\"Berlin\",\"item\":\"https:\/\/artseco.de\/en\/produkt-kategorie\/berlin-en\/\"},{\"@type\":\"ListItem\",\"position\":4,\"name\":\"Paper\",\"item\":\"https:\/\/artseco.de\/en\/produkt-kategorie\/berlin-en\/paper\/\"},{\"@type\":\"ListItem\",\"position\":5,\"name\":\"Spezialseide 75x100cm s\u00e4urefrei\"}]},{\"@type\":\"WebSite\",\"@id\":\"https:\/\/artseco.de\/en\/#website\",\"url\":\"https:\/\/artseco.de\/en\/\",\"name\":\"ARTSECO GmbH\",\"description\":\"Shop Verpackungsmaterial\",\"publisher\":{\"@id\":\"https:\/\/artseco.de\/en\/#organization\"},\"potentialAction\":[{\"@type\":\"SearchAction\",\"target\":{\"@type\":\"EntryPoint\",\"urlTemplate\":\"https:\/\/artseco.de\/en\/?s={search_term_string}\"},\"query-input\":{\"@type\":\"PropertyValueSpecification\",\"valueRequired\":true,\"valueName\":\"search_term_string\"}}],\"inLanguage\":\"en-US\"},{\"@type\":\"Organization\",\"@id\":\"https:\/\/artseco.de\/en\/#organization\",\"name\":\"ARTSECO GmbH\",\"alternateName\":\"ARTSECO GmbH\",\"url\":\"https:\/\/artseco.de\/en\/\",\"logo\":{\"@type\":\"ImageObject\",\"inLanguage\":\"en-US\",\"@id\":\"https:\/\/artseco.de\/en\/#\/schema\/logo\/image\/\",\"url\":\"https:\/\/artseco.de\/wp-content\/uploads\/2017\/06\/cropped-artseco-logo.png\",\"contentUrl\":\"https:\/\/artseco.de\/wp-content\/uploads\/2017\/06\/cropped-artseco-logo.png\",\"width\":516,\"height\":110,\"caption\":\"ARTSECO GmbH\"},\"image\":{\"@id\":\"https:\/\/artseco.de\/en\/#\/schema\/logo\/image\/\"}}]}<\/script>\n<!-- \/ Yoast SEO plugin. -->","yoast_head_json":{"title":"Spezialseide 75x100cm s\u00e4urefrei - ARTSECO GmbH","robots":{"index":"index","follow":"follow","max-snippet":"max-snippet:-1","max-image-preview":"max-image-preview:large","max-video-preview":"max-video-preview:-1"},"canonical":"https:\/\/artseco.de\/en\/material-shop\/berlin-en\/paper\/spezialseide-75x100cm\/","og_locale":"en_US","og_type":"article","og_title":"Spezialseide 75x100cm s\u00e4urefrei - ARTSECO GmbH","og_description":"Spezialseiden Papier, wei\u00df, 75 x 100cm, einseitig glatt, technisch chlor- und s\u00e4urefrei, ph neutral  1 Kg\/ ca. 55Blatt = 7,39\u20ac  10 Kg = 71,00\u20ac  &nbsp;  &nbsp;","og_url":"https:\/\/artseco.de\/en\/material-shop\/berlin-en\/paper\/spezialseide-75x100cm\/","og_site_name":"ARTSECO GmbH","article_modified_time":"2026-03-31T11:27:26+00:00","og_image":[{"width":1800,"height":2163,"url":"https:\/\/artseco.de\/wp-content\/uploads\/2023\/12\/seidenpapier_131543.jpg","type":"image\/jpeg"}],"twitter_card":"summary_large_image","twitter_misc":{"Est. reading time":"1 minute"},"schema":{"@context":"https:\/\/schema.org","@graph":[{"@type":"WebPage","@id":"https:\/\/artseco.de\/en\/material-shop\/berlin-en\/paper\/spezialseide-75x100cm\/","url":"https:\/\/artseco.de\/en\/material-shop\/berlin-en\/paper\/spezialseide-75x100cm\/","name":"Spezialseide 75x100cm s\u00e4urefrei - ARTSECO GmbH","isPartOf":{"@id":"https:\/\/artseco.de\/en\/#website"},"primaryImageOfPage":{"@id":"https:\/\/artseco.de\/en\/material-shop\/berlin-en\/paper\/spezialseide-75x100cm\/#primaryimage"},"image":{"@id":"https:\/\/artseco.de\/en\/material-shop\/berlin-en\/paper\/spezialseide-75x100cm\/#primaryimage"},"thumbnailUrl":"https:\/\/artseco.de\/wp-content\/uploads\/2023\/12\/seidenpapier_131543.jpg","datePublished":"2022-09-22T11:56:18+00:00","dateModified":"2026-03-31T11:27:26+00:00","breadcrumb":{"@id":"https:\/\/artseco.de\/en\/material-shop\/berlin-en\/paper\/spezialseide-75x100cm\/#breadcrumb"},"inLanguage":"en-US","potentialAction":[{"@type":"ReadAction","target":["https:\/\/artseco.de\/en\/material-shop\/berlin-en\/paper\/spezialseide-75x100cm\/"]}]},{"@type":"ImageObject","inLanguage":"en-US","@id":"https:\/\/artseco.de\/en\/material-shop\/berlin-en\/paper\/spezialseide-75x100cm\/#primaryimage","url":"https:\/\/artseco.de\/wp-content\/uploads\/2023\/12\/seidenpapier_131543.jpg","contentUrl":"https:\/\/artseco.de\/wp-content\/uploads\/2023\/12\/seidenpapier_131543.jpg","width":1800,"height":2163},{"@type":"BreadcrumbList","@id":"https:\/\/artseco.de\/en\/material-shop\/berlin-en\/paper\/spezialseide-75x100cm\/#breadcrumb","itemListElement":[{"@type":"ListItem","position":1,"name":"Home","item":"https:\/\/artseco.de\/en\/"},{"@type":"ListItem","position":2,"name":"Shop","item":"https:\/\/artseco.de\/en\/shop\/"},{"@type":"ListItem","position":3,"name":"Berlin","item":"https:\/\/artseco.de\/en\/produkt-kategorie\/berlin-en\/"},{"@type":"ListItem","position":4,"name":"Paper","item":"https:\/\/artseco.de\/en\/produkt-kategorie\/berlin-en\/paper\/"},{"@type":"ListItem","position":5,"name":"Spezialseide 75x100cm s\u00e4urefrei"}]},{"@type":"WebSite","@id":"https:\/\/artseco.de\/en\/#website","url":"https:\/\/artseco.de\/en\/","name":"ARTSECO GmbH","description":"Shop Verpackungsmaterial","publisher":{"@id":"https:\/\/artseco.de\/en\/#organization"},"potentialAction":[{"@type":"SearchAction","target":{"@type":"EntryPoint","urlTemplate":"https:\/\/artseco.de\/en\/?s={search_term_string}"},"query-input":{"@type":"PropertyValueSpecification","valueRequired":true,"valueName":"search_term_string"}}],"inLanguage":"en-US"},{"@type":"Organization","@id":"https:\/\/artseco.de\/en\/#organization","name":"ARTSECO GmbH","alternateName":"ARTSECO GmbH","url":"https:\/\/artseco.de\/en\/","logo":{"@type":"ImageObject","inLanguage":"en-US","@id":"https:\/\/artseco.de\/en\/#\/schema\/logo\/image\/","url":"https:\/\/artseco.de\/wp-content\/uploads\/2017\/06\/cropped-artseco-logo.png","contentUrl":"https:\/\/artseco.de\/wp-content\/uploads\/2017\/06\/cropped-artseco-logo.png","width":516,"height":110,"caption":"ARTSECO GmbH"},"image":{"@id":"https:\/\/artseco.de\/en\/#\/schema\/logo\/image\/"}}]}},"_links":{"self":[{"href":"https:\/\/artseco.de\/en\/wp-json\/wp\/v2\/product\/2747","targetHints":{"allow":["GET"]}}],"collection":[{"href":"https:\/\/artseco.de\/en\/wp-json\/wp\/v2\/product"}],"about":[{"href":"https:\/\/artseco.de\/en\/wp-json\/wp\/v2\/types\/product"}],"wp:featuredmedia":[{"embeddable":true,"href":"https:\/\/artseco.de\/en\/wp-json\/wp\/v2\/media\/5714"}],"wp:attachment":[{"href":"https:\/\/artseco.de\/en\/wp-json\/wp\/v2\/media?parent=2747"}],"wp:term":[{"taxonomy":"product_brand","embeddable":true,"href":"https:\/\/artseco.de\/en\/wp-json\/wp\/v2\/product_brand?post=2747"},{"taxonomy":"product_cat","embeddable":true,"href":"https:\/\/artseco.de\/en\/wp-json\/wp\/v2\/product_cat?post=2747"},{"taxonomy":"product_tag","embeddable":true,"href":"https:\/\/artseco.de\/en\/wp-json\/wp\/v2\/product_tag?post=2747"}],"curies":[{"name":"wp","href":"https:\/\/api.w.org\/{rel}","templated":true}]}}