{"id":10228,"date":"2025-08-28T12:37:40","date_gmt":"2025-08-28T10:37:40","guid":{"rendered":"https:\/\/artseco.de\/?post_type=product&#038;p=10228"},"modified":"2025-08-28T12:37:40","modified_gmt":"2025-08-28T10:37:40","slug":"gurtband-moebelgurt","status":"publish","type":"product","link":"https:\/\/artseco.de\/en\/material-shop\/berlin-en\/gurtband-moebelgurt\/","title":{"rendered":"Gurtband\/ M\u00f6belgurt"},"content":{"rendered":"","protected":false},"excerpt":{"rendered":"<p>Gurtband, T\u00fcv gepr\u00fcft, f\u00fcr Speditionsgewerbe zugelassen,<\/p>\n<p>50m lang, 25mm breit, mit Aufdruck<\/p>\n<p>zum sichern von Kunstgegenst\u00e4nden in Kisten oder \u00e4hnlichen Verpackungen<\/p>\n","protected":false},"featured_media":10231,"template":"","meta":{"_acf_changed":false,"kia_subtitle":""},"product_brand":[],"product_cat":[143,262],"product_tag":[],"class_list":{"0":"post-10228","1":"product","2":"type-product","3":"status-publish","4":"has-post-thumbnail","6":"product_cat-berlin","7":"product_cat-gurtband-schnur-seil-moebelgurt","9":"first","10":"instock","11":"taxable","12":"shipping-taxable","13":"purchasable","14":"product-type-simple"},"acf":[],"yoast_head":"<!-- This site is optimized with the Yoast SEO plugin v27.2 - https:\/\/yoast.com\/product\/yoast-seo-wordpress\/ -->\n<title>Gurtband\/ M\u00f6belgurt - ARTSECO GmbH<\/title>\n<meta name=\"robots\" content=\"index, follow, max-snippet:-1, max-image-preview:large, max-video-preview:-1\" \/>\n<link rel=\"canonical\" href=\"https:\/\/artseco.de\/en\/material-shop\/berlin-en\/gurtband-moebelgurt\/\" \/>\n<meta property=\"og:locale\" content=\"en_US\" \/>\n<meta property=\"og:type\" content=\"article\" \/>\n<meta property=\"og:title\" content=\"Gurtband\/ M\u00f6belgurt - ARTSECO GmbH\" \/>\n<meta property=\"og:description\" content=\"Gurtband, T\u00fcv gepr\u00fcft, f\u00fcr Speditionsgewerbe zugelassen,  50m lang, 25mm breit, mit Aufdruck  zum sichern von Kunstgegenst\u00e4nden in Kisten oder \u00e4hnlichen Verpackungen\" \/>\n<meta property=\"og:url\" content=\"https:\/\/artseco.de\/en\/material-shop\/berlin-en\/gurtband-moebelgurt\/\" \/>\n<meta property=\"og:site_name\" content=\"ARTSECO GmbH\" \/>\n<meta property=\"og:image\" content=\"https:\/\/artseco.de\/wp-content\/uploads\/2025\/08\/Gurtband-1-scaled.jpg\" \/>\n\t<meta property=\"og:image:width\" content=\"2560\" \/>\n\t<meta property=\"og:image:height\" content=\"1920\" \/>\n\t<meta property=\"og:image:type\" content=\"image\/jpeg\" \/>\n<meta name=\"twitter:card\" content=\"summary_large_image\" \/>\n<meta name=\"twitter:label1\" content=\"Est. reading time\" \/>\n\t<meta name=\"twitter:data1\" content=\"1 minute\" \/>\n<script type=\"application\/ld+json\" class=\"yoast-schema-graph\">{\"@context\":\"https:\/\/schema.org\",\"@graph\":[{\"@type\":\"WebPage\",\"@id\":\"https:\/\/artseco.de\/en\/material-shop\/berlin-en\/gurtband-moebelgurt\/\",\"url\":\"https:\/\/artseco.de\/en\/material-shop\/berlin-en\/gurtband-moebelgurt\/\",\"name\":\"Gurtband\/ M\u00f6belgurt - ARTSECO GmbH\",\"isPartOf\":{\"@id\":\"https:\/\/artseco.de\/en\/#website\"},\"primaryImageOfPage\":{\"@id\":\"https:\/\/artseco.de\/en\/material-shop\/berlin-en\/gurtband-moebelgurt\/#primaryimage\"},\"image\":{\"@id\":\"https:\/\/artseco.de\/en\/material-shop\/berlin-en\/gurtband-moebelgurt\/#primaryimage\"},\"thumbnailUrl\":\"https:\/\/artseco.de\/wp-content\/uploads\/2025\/08\/Gurtband-1-scaled.jpg\",\"datePublished\":\"2025-08-28T10:37:40+00:00\",\"breadcrumb\":{\"@id\":\"https:\/\/artseco.de\/en\/material-shop\/berlin-en\/gurtband-moebelgurt\/#breadcrumb\"},\"inLanguage\":\"en-US\",\"potentialAction\":[{\"@type\":\"ReadAction\",\"target\":[\"https:\/\/artseco.de\/en\/material-shop\/berlin-en\/gurtband-moebelgurt\/\"]}]},{\"@type\":\"ImageObject\",\"inLanguage\":\"en-US\",\"@id\":\"https:\/\/artseco.de\/en\/material-shop\/berlin-en\/gurtband-moebelgurt\/#primaryimage\",\"url\":\"https:\/\/artseco.de\/wp-content\/uploads\/2025\/08\/Gurtband-1-scaled.jpg\",\"contentUrl\":\"https:\/\/artseco.de\/wp-content\/uploads\/2025\/08\/Gurtband-1-scaled.jpg\",\"width\":2560,\"height\":1920},{\"@type\":\"BreadcrumbList\",\"@id\":\"https:\/\/artseco.de\/en\/material-shop\/berlin-en\/gurtband-moebelgurt\/#breadcrumb\",\"itemListElement\":[{\"@type\":\"ListItem\",\"position\":1,\"name\":\"Home\",\"item\":\"https:\/\/artseco.de\/en\/\"},{\"@type\":\"ListItem\",\"position\":2,\"name\":\"Shop\",\"item\":\"https:\/\/artseco.de\/en\/shop\/\"},{\"@type\":\"ListItem\",\"position\":3,\"name\":\"Berlin\",\"item\":\"https:\/\/artseco.de\/en\/produkt-kategorie\/berlin-en\/\"},{\"@type\":\"ListItem\",\"position\":4,\"name\":\"Gurtband\/ M\u00f6belgurt\"}]},{\"@type\":\"WebSite\",\"@id\":\"https:\/\/artseco.de\/en\/#website\",\"url\":\"https:\/\/artseco.de\/en\/\",\"name\":\"ARTSECO GmbH\",\"description\":\"Shop Verpackungsmaterial\",\"publisher\":{\"@id\":\"https:\/\/artseco.de\/en\/#organization\"},\"potentialAction\":[{\"@type\":\"SearchAction\",\"target\":{\"@type\":\"EntryPoint\",\"urlTemplate\":\"https:\/\/artseco.de\/en\/?s={search_term_string}\"},\"query-input\":{\"@type\":\"PropertyValueSpecification\",\"valueRequired\":true,\"valueName\":\"search_term_string\"}}],\"inLanguage\":\"en-US\"},{\"@type\":\"Organization\",\"@id\":\"https:\/\/artseco.de\/en\/#organization\",\"name\":\"ARTSECO GmbH\",\"alternateName\":\"ARTSECO GmbH\",\"url\":\"https:\/\/artseco.de\/en\/\",\"logo\":{\"@type\":\"ImageObject\",\"inLanguage\":\"en-US\",\"@id\":\"https:\/\/artseco.de\/en\/#\/schema\/logo\/image\/\",\"url\":\"https:\/\/artseco.de\/wp-content\/uploads\/2017\/06\/cropped-artseco-logo.png\",\"contentUrl\":\"https:\/\/artseco.de\/wp-content\/uploads\/2017\/06\/cropped-artseco-logo.png\",\"width\":516,\"height\":110,\"caption\":\"ARTSECO GmbH\"},\"image\":{\"@id\":\"https:\/\/artseco.de\/en\/#\/schema\/logo\/image\/\"}}]}<\/script>\n<!-- \/ Yoast SEO plugin. -->","yoast_head_json":{"title":"Gurtband\/ M\u00f6belgurt - ARTSECO GmbH","robots":{"index":"index","follow":"follow","max-snippet":"max-snippet:-1","max-image-preview":"max-image-preview:large","max-video-preview":"max-video-preview:-1"},"canonical":"https:\/\/artseco.de\/en\/material-shop\/berlin-en\/gurtband-moebelgurt\/","og_locale":"en_US","og_type":"article","og_title":"Gurtband\/ M\u00f6belgurt - ARTSECO GmbH","og_description":"Gurtband, T\u00fcv gepr\u00fcft, f\u00fcr Speditionsgewerbe zugelassen,  50m lang, 25mm breit, mit Aufdruck  zum sichern von Kunstgegenst\u00e4nden in Kisten oder \u00e4hnlichen Verpackungen","og_url":"https:\/\/artseco.de\/en\/material-shop\/berlin-en\/gurtband-moebelgurt\/","og_site_name":"ARTSECO GmbH","og_image":[{"width":2560,"height":1920,"url":"https:\/\/artseco.de\/wp-content\/uploads\/2025\/08\/Gurtband-1-scaled.jpg","type":"image\/jpeg"}],"twitter_card":"summary_large_image","twitter_misc":{"Est. reading time":"1 minute"},"schema":{"@context":"https:\/\/schema.org","@graph":[{"@type":"WebPage","@id":"https:\/\/artseco.de\/en\/material-shop\/berlin-en\/gurtband-moebelgurt\/","url":"https:\/\/artseco.de\/en\/material-shop\/berlin-en\/gurtband-moebelgurt\/","name":"Gurtband\/ M\u00f6belgurt - ARTSECO GmbH","isPartOf":{"@id":"https:\/\/artseco.de\/en\/#website"},"primaryImageOfPage":{"@id":"https:\/\/artseco.de\/en\/material-shop\/berlin-en\/gurtband-moebelgurt\/#primaryimage"},"image":{"@id":"https:\/\/artseco.de\/en\/material-shop\/berlin-en\/gurtband-moebelgurt\/#primaryimage"},"thumbnailUrl":"https:\/\/artseco.de\/wp-content\/uploads\/2025\/08\/Gurtband-1-scaled.jpg","datePublished":"2025-08-28T10:37:40+00:00","breadcrumb":{"@id":"https:\/\/artseco.de\/en\/material-shop\/berlin-en\/gurtband-moebelgurt\/#breadcrumb"},"inLanguage":"en-US","potentialAction":[{"@type":"ReadAction","target":["https:\/\/artseco.de\/en\/material-shop\/berlin-en\/gurtband-moebelgurt\/"]}]},{"@type":"ImageObject","inLanguage":"en-US","@id":"https:\/\/artseco.de\/en\/material-shop\/berlin-en\/gurtband-moebelgurt\/#primaryimage","url":"https:\/\/artseco.de\/wp-content\/uploads\/2025\/08\/Gurtband-1-scaled.jpg","contentUrl":"https:\/\/artseco.de\/wp-content\/uploads\/2025\/08\/Gurtband-1-scaled.jpg","width":2560,"height":1920},{"@type":"BreadcrumbList","@id":"https:\/\/artseco.de\/en\/material-shop\/berlin-en\/gurtband-moebelgurt\/#breadcrumb","itemListElement":[{"@type":"ListItem","position":1,"name":"Home","item":"https:\/\/artseco.de\/en\/"},{"@type":"ListItem","position":2,"name":"Shop","item":"https:\/\/artseco.de\/en\/shop\/"},{"@type":"ListItem","position":3,"name":"Berlin","item":"https:\/\/artseco.de\/en\/produkt-kategorie\/berlin-en\/"},{"@type":"ListItem","position":4,"name":"Gurtband\/ M\u00f6belgurt"}]},{"@type":"WebSite","@id":"https:\/\/artseco.de\/en\/#website","url":"https:\/\/artseco.de\/en\/","name":"ARTSECO GmbH","description":"Shop Verpackungsmaterial","publisher":{"@id":"https:\/\/artseco.de\/en\/#organization"},"potentialAction":[{"@type":"SearchAction","target":{"@type":"EntryPoint","urlTemplate":"https:\/\/artseco.de\/en\/?s={search_term_string}"},"query-input":{"@type":"PropertyValueSpecification","valueRequired":true,"valueName":"search_term_string"}}],"inLanguage":"en-US"},{"@type":"Organization","@id":"https:\/\/artseco.de\/en\/#organization","name":"ARTSECO GmbH","alternateName":"ARTSECO GmbH","url":"https:\/\/artseco.de\/en\/","logo":{"@type":"ImageObject","inLanguage":"en-US","@id":"https:\/\/artseco.de\/en\/#\/schema\/logo\/image\/","url":"https:\/\/artseco.de\/wp-content\/uploads\/2017\/06\/cropped-artseco-logo.png","contentUrl":"https:\/\/artseco.de\/wp-content\/uploads\/2017\/06\/cropped-artseco-logo.png","width":516,"height":110,"caption":"ARTSECO GmbH"},"image":{"@id":"https:\/\/artseco.de\/en\/#\/schema\/logo\/image\/"}}]}},"_links":{"self":[{"href":"https:\/\/artseco.de\/en\/wp-json\/wp\/v2\/product\/10228","targetHints":{"allow":["GET"]}}],"collection":[{"href":"https:\/\/artseco.de\/en\/wp-json\/wp\/v2\/product"}],"about":[{"href":"https:\/\/artseco.de\/en\/wp-json\/wp\/v2\/types\/product"}],"wp:featuredmedia":[{"embeddable":true,"href":"https:\/\/artseco.de\/en\/wp-json\/wp\/v2\/media\/10231"}],"wp:attachment":[{"href":"https:\/\/artseco.de\/en\/wp-json\/wp\/v2\/media?parent=10228"}],"wp:term":[{"taxonomy":"product_brand","embeddable":true,"href":"https:\/\/artseco.de\/en\/wp-json\/wp\/v2\/product_brand?post=10228"},{"taxonomy":"product_cat","embeddable":true,"href":"https:\/\/artseco.de\/en\/wp-json\/wp\/v2\/product_cat?post=10228"},{"taxonomy":"product_tag","embeddable":true,"href":"https:\/\/artseco.de\/en\/wp-json\/wp\/v2\/product_tag?post=10228"}],"curies":[{"name":"wp","href":"https:\/\/api.w.org\/{rel}","templated":true}]}}